{"id":799,"date":"2025-04-10T13:33:06","date_gmt":"2025-04-10T11:33:06","guid":{"rendered":"https:\/\/muzacafe.test.youngmedia.dev\/about-us\/"},"modified":"2025-05-29T14:09:04","modified_gmt":"2025-05-29T12:09:04","slug":"about-us","status":"publish","type":"page","link":"https:\/\/muzacafe.test.youngmedia.dev\/en\/about-us\/","title":{"rendered":"About Us"},"content":{"rendered":"\t\t<div data-elementor-type=\"wp-page\" data-elementor-id=\"799\" class=\"elementor elementor-799 elementor-213\" data-elementor-post-type=\"page\">\n\t\t\t\t<div class=\"elementor-element elementor-element-4f1291b5 e-con-full e-flex e-con e-parent\" data-id=\"4f1291b5\" data-element_type=\"container\" data-settings=\"{&quot;background_background&quot;:&quot;classic&quot;}\">\n\t\t<div class=\"elementor-element elementor-element-294eb99 e-flex e-con-boxed e-con e-child\" data-id=\"294eb99\" data-element_type=\"container\">\n\t\t\t\t\t<div class=\"e-con-inner\">\n\t\t<div class=\"elementor-element elementor-element-597cd68d e-con-full e-flex e-con e-child\" data-id=\"597cd68d\" data-element_type=\"container\" data-settings=\"{&quot;background_background&quot;:&quot;classic&quot;}\">\n\t\t<div class=\"elementor-element elementor-element-6879e965 e-flex e-con-boxed e-con e-child\" data-id=\"6879e965\" data-element_type=\"container\" data-settings=\"{&quot;background_background&quot;:&quot;classic&quot;}\">\n\t\t\t\t\t<div class=\"e-con-inner\">\n\t\t<div class=\"elementor-element elementor-element-634a76b1 e-con-full e-flex e-con e-child\" data-id=\"634a76b1\" data-element_type=\"container\" data-settings=\"{&quot;background_background&quot;:&quot;gradient&quot;}\">\n\t\t\t\t<div class=\"elementor-element elementor-element-5d2b39f elementor-widget elementor-widget-menu-anchor\" data-id=\"5d2b39f\" data-element_type=\"widget\" data-widget_type=\"menu-anchor.default\">\n\t\t\t\t<div class=\"elementor-widget-container\">\n\t\t\t\t\t\t\t<div class=\"elementor-menu-anchor\" id=\"obsah\"><\/div>\n\t\t\t\t\t\t<\/div>\n\t\t\t\t<\/div>\n\t\t\t\t<\/div>\n\t\t<div class=\"elementor-element elementor-element-efaf9db e-con-full e-flex e-con e-child\" data-id=\"efaf9db\" data-element_type=\"container\">\n\t\t<div class=\"elementor-element elementor-element-095dacf e-con-full e-flex e-con e-child\" data-id=\"095dacf\" data-element_type=\"container\">\n\t\t<div class=\"elementor-element elementor-element-6c33f09 e-con-full animated-fast e-flex elementor-invisible e-con e-child\" data-id=\"6c33f09\" data-element_type=\"container\" data-settings=\"{&quot;animation&quot;:&quot;fadeInLeft&quot;}\">\n\t\t\t\t<div class=\"elementor-element elementor-element-ce9b77c elementor-widget elementor-widget-heading\" data-id=\"ce9b77c\" data-element_type=\"widget\" data-widget_type=\"heading.default\">\n\t\t\t\t<div class=\"elementor-widget-container\">\n\t\t\t\t\t<h2 class=\"elementor-heading-title elementor-size-default\">About Us<\/h2>\t\t\t\t<\/div>\n\t\t\t\t<\/div>\n\t\t\t\t<div class=\"elementor-element elementor-element-2e8e328d elementor-widget elementor-widget-text-editor\" data-id=\"2e8e328d\" data-element_type=\"widget\" data-widget_type=\"text-editor.default\">\n\t\t\t\t<div class=\"elementor-widget-container\">\n\t\t\t\t\t\t\t\t\t<p>Dominik and Ulrika were lucky that their paths crossed at the right time and in the right place. Each of them was looking for something that would go far beyond their everyday routine. He had just finished renovating a&nbsp;space in Vinohrady, which was waiting for its future purpose, while she had the energy and passion she wanted to express through food and the joy of creation.  <\/p><p>Both, however, faced their own challenges. Dominik suffers from lactose intolerance, and Ulrika has histamine intolerance. They knew how difficult it is to find a&nbsp;place where one can enjoy quality speciality coffee, savour a&nbsp;delicious dessert, or have a&nbsp;rich brunch.  <\/p><p>Their main goal was to create a&nbsp;space where no one has to give up the desire for something tasty, and where people can meet with friends without making compromises. And so, a&nbsp;caf\u00e9 was born that is open to all food and coffee lovers, where everyone can find something they can enjoy without worry. <\/p>\t\t\t\t\t\t\t\t<\/div>\n\t\t\t\t<\/div>\n\t\t\t\t<\/div>\n\t\t\t\t<div class=\"elementor-element elementor-element-a9602be animated-slow elementor-invisible elementor-widget elementor-widget-image\" data-id=\"a9602be\" data-element_type=\"widget\" data-settings=\"{&quot;_animation&quot;:&quot;fadeIn&quot;}\" data-widget_type=\"image.default\">\n\t\t\t\t<div class=\"elementor-widget-container\">\n\t\t\t\t\t\t\t\t\t\t\t\t\t\t\t<img fetchpriority=\"high\" decoding=\"async\" width=\"667\" height=\"1000\" src=\"https:\/\/muzacafe.test.youngmedia.dev\/wp-content\/uploads\/2025\/04\/MUZA_1191.jpg\" class=\"attachment-large size-large wp-image-164\" alt=\"\" srcset=\"https:\/\/muzacafe.test.youngmedia.dev\/wp-content\/uploads\/2025\/04\/MUZA_1191.jpg 667w, https:\/\/muzacafe.test.youngmedia.dev\/wp-content\/uploads\/2025\/04\/MUZA_1191-200x300.jpg 200w\" sizes=\"(max-width: 667px) 100vw, 667px\" \/>\t\t\t\t\t\t\t\t\t\t\t\t\t\t\t<\/div>\n\t\t\t\t<\/div>\n\t\t\t\t<\/div>\n\t\t\t\t<div class=\"elementor-element elementor-element-20ebdb15 elementor-widget__width-initial animated-fast elementor-invisible elementor-widget elementor-widget-text-editor\" data-id=\"20ebdb15\" data-element_type=\"widget\" data-settings=\"{&quot;_animation&quot;:&quot;fadeInUp&quot;}\" data-widget_type=\"text-editor.default\">\n\t\t\t\t<div class=\"elementor-widget-container\">\n\t\t\t\t\t\t\t\t\t<p>A visit to M\u00faza will be enjoyed by everyone, regardless of whether they have specific dietary restrictions or not. Come and taste, and discover what a&nbsp;world without compromises can look like! <\/p><p>We believe that with this approach, we will reach those who seek quality, variety, and comfort, regardless of their dietary habits. <\/p>\t\t\t\t\t\t\t\t<\/div>\n\t\t\t\t<\/div>\n\t\t\t\t<div class=\"elementor-element elementor-element-585f318c elementor-hidden-mobile elementor-widget elementor-widget-heading\" data-id=\"585f318c\" data-element_type=\"widget\" data-widget_type=\"heading.default\">\n\t\t\t\t<div class=\"elementor-widget-container\">\n\t\t\t\t\t<div class=\"elementor-heading-title elementor-size-default\"><a href=\"https:\/\/muzacafe.test.youngmedia.dev\/en\/\">Back to home page<\/a><\/div>\t\t\t\t<\/div>\n\t\t\t\t<\/div>\n\t\t\t\t<\/div>\n\t\t\t\t<div class=\"elementor-element elementor-element-26a204fb elementor-absolute animated-slow elementor-invisible elementor-widget elementor-widget-image\" data-id=\"26a204fb\" data-element_type=\"widget\" data-settings=\"{&quot;_position&quot;:&quot;absolute&quot;,&quot;_animation&quot;:&quot;slideInRight&quot;}\" data-widget_type=\"image.default\">\n\t\t\t\t<div class=\"elementor-widget-container\">\n\t\t\t\t\t\t\t\t\t\t\t\t\t\t\t<img decoding=\"async\" width=\"167\" height=\"403\" src=\"https:\/\/muzacafe.test.youngmedia.dev\/wp-content\/uploads\/2025\/04\/Asset-10.svg\" class=\"attachment-full size-full wp-image-57\" alt=\"\" \/>\t\t\t\t\t\t\t\t\t\t\t\t\t\t\t<\/div>\n\t\t\t\t<\/div>\n\t\t\t\t\t<\/div>\n\t\t\t\t<\/div>\n\t\t\t\t<\/div>\n\t\t\t\t\t<\/div>\n\t\t\t\t<\/div>\n\t\t<div class=\"elementor-element elementor-element-58f5594b e-con-full e-flex e-con e-child\" data-id=\"58f5594b\" data-element_type=\"container\" data-settings=\"{&quot;background_background&quot;:&quot;gradient&quot;}\">\n\t\t\t\t<\/div>\n\t\t\t\t<\/div>\n\t\t\t\t<\/div>\n\t\t","protected":false},"excerpt":{"rendered":"<p>About Us Dominik and Ulrika were lucky that their paths crossed at the right time and in the right place. Each of them was looking for something that would go far beyond their everyday routine. He had just finished renovating a&nbsp;space in Vinohrady, which was waiting for its future purpose, while she had the energy [&hellip;]<\/p>\n","protected":false},"author":1,"featured_media":0,"parent":0,"menu_order":0,"comment_status":"closed","ping_status":"closed","template":"","meta":{"footnotes":""},"class_list":["post-799","page","type-page","status-publish","hentry"],"yoast_head":"<!-- This site is optimized with the Yoast SEO plugin v24.8.1 - https:\/\/yoast.com\/wordpress\/plugins\/seo\/ -->\n<title>About Us - M\u00faza caf\u00e9<\/title>\n<meta name=\"robots\" content=\"noindex, follow, max-snippet:-1, max-image-preview:large, max-video-preview:-1\" \/>\n<meta property=\"og:locale\" content=\"en_US\" \/>\n<meta property=\"og:type\" content=\"article\" \/>\n<meta property=\"og:title\" content=\"About Us - M\u00faza caf\u00e9\" \/>\n<meta property=\"og:description\" content=\"About Us Dominik and Ulrika were lucky that their paths crossed at the right time and in the right place. Each of them was looking for something that would go far beyond their everyday routine. He had just finished renovating a&nbsp;space in Vinohrady, which was waiting for its future purpose, while she had the energy [&hellip;]\" \/>\n<meta property=\"og:url\" content=\"https:\/\/muzacafe.test.youngmedia.dev\/en\/about-us\/\" \/>\n<meta property=\"og:site_name\" content=\"M\u00faza caf\u00e9\" \/>\n<meta property=\"article:modified_time\" content=\"2025-05-29T12:09:04+00:00\" \/>\n<meta property=\"og:image\" content=\"https:\/\/muzacafe.test.youngmedia.dev\/wp-content\/uploads\/2025\/04\/MUZA_1191.jpg\" \/>\n\t<meta property=\"og:image:width\" content=\"667\" \/>\n\t<meta property=\"og:image:height\" content=\"1000\" \/>\n\t<meta property=\"og:image:type\" content=\"image\/jpeg\" \/>\n<meta name=\"twitter:card\" content=\"summary_large_image\" \/>\n<meta name=\"twitter:label1\" content=\"Est. reading time\" \/>\n\t<meta name=\"twitter:data1\" content=\"1 minute\" \/>\n<script type=\"application\/ld+json\" class=\"yoast-schema-graph\">{\"@context\":\"https:\/\/schema.org\",\"@graph\":[{\"@type\":\"WebPage\",\"@id\":\"https:\/\/muzacafe.test.youngmedia.dev\/en\/about-us\/\",\"url\":\"https:\/\/muzacafe.test.youngmedia.dev\/en\/about-us\/\",\"name\":\"About Us - M\u00faza caf\u00e9\",\"isPartOf\":{\"@id\":\"https:\/\/muzacafe.test.youngmedia.dev\/en\/#website\"},\"primaryImageOfPage\":{\"@id\":\"https:\/\/muzacafe.test.youngmedia.dev\/en\/about-us\/#primaryimage\"},\"image\":{\"@id\":\"https:\/\/muzacafe.test.youngmedia.dev\/en\/about-us\/#primaryimage\"},\"thumbnailUrl\":\"https:\/\/muzacafe.test.youngmedia.dev\/wp-content\/uploads\/2025\/04\/MUZA_1191.jpg\",\"datePublished\":\"2025-04-10T11:33:06+00:00\",\"dateModified\":\"2025-05-29T12:09:04+00:00\",\"breadcrumb\":{\"@id\":\"https:\/\/muzacafe.test.youngmedia.dev\/en\/about-us\/#breadcrumb\"},\"inLanguage\":\"en-US\",\"potentialAction\":[{\"@type\":\"ReadAction\",\"target\":[\"https:\/\/muzacafe.test.youngmedia.dev\/en\/about-us\/\"]}]},{\"@type\":\"ImageObject\",\"inLanguage\":\"en-US\",\"@id\":\"https:\/\/muzacafe.test.youngmedia.dev\/en\/about-us\/#primaryimage\",\"url\":\"https:\/\/muzacafe.test.youngmedia.dev\/wp-content\/uploads\/2025\/04\/MUZA_1191.jpg\",\"contentUrl\":\"https:\/\/muzacafe.test.youngmedia.dev\/wp-content\/uploads\/2025\/04\/MUZA_1191.jpg\"},{\"@type\":\"BreadcrumbList\",\"@id\":\"https:\/\/muzacafe.test.youngmedia.dev\/en\/about-us\/#breadcrumb\",\"itemListElement\":[{\"@type\":\"ListItem\",\"position\":1,\"name\":\"Dom\u016f\",\"item\":\"https:\/\/muzacafe.test.youngmedia.dev\/en\/homepage\/\"},{\"@type\":\"ListItem\",\"position\":2,\"name\":\"About Us\"}]},{\"@type\":\"WebSite\",\"@id\":\"https:\/\/muzacafe.test.youngmedia.dev\/en\/#website\",\"url\":\"https:\/\/muzacafe.test.youngmedia.dev\/en\/\",\"name\":\"M\u00faza caf\u00e9\",\"description\":\"V\u00e1\u0161 ostr\u016fvek klidu a harmonie\",\"potentialAction\":[{\"@type\":\"SearchAction\",\"target\":{\"@type\":\"EntryPoint\",\"urlTemplate\":\"https:\/\/muzacafe.test.youngmedia.dev\/en\/?s={search_term_string}\"},\"query-input\":{\"@type\":\"PropertyValueSpecification\",\"valueRequired\":true,\"valueName\":\"search_term_string\"}}],\"inLanguage\":\"en-US\"}]}<\/script>\n<!-- \/ Yoast SEO plugin. -->","yoast_head_json":{"title":"About Us - M\u00faza caf\u00e9","robots":{"index":"noindex","follow":"follow","max-snippet":"max-snippet:-1","max-image-preview":"max-image-preview:large","max-video-preview":"max-video-preview:-1"},"og_locale":"en_US","og_type":"article","og_title":"About Us - M\u00faza caf\u00e9","og_description":"About Us Dominik and Ulrika were lucky that their paths crossed at the right time and in the right place. Each of them was looking for something that would go far beyond their everyday routine. He had just finished renovating a&nbsp;space in Vinohrady, which was waiting for its future purpose, while she had the energy [&hellip;]","og_url":"https:\/\/muzacafe.test.youngmedia.dev\/en\/about-us\/","og_site_name":"M\u00faza caf\u00e9","article_modified_time":"2025-05-29T12:09:04+00:00","og_image":[{"width":667,"height":1000,"url":"https:\/\/muzacafe.test.youngmedia.dev\/wp-content\/uploads\/2025\/04\/MUZA_1191.jpg","type":"image\/jpeg"}],"twitter_card":"summary_large_image","twitter_misc":{"Est. reading time":"1 minute"},"schema":{"@context":"https:\/\/schema.org","@graph":[{"@type":"WebPage","@id":"https:\/\/muzacafe.test.youngmedia.dev\/en\/about-us\/","url":"https:\/\/muzacafe.test.youngmedia.dev\/en\/about-us\/","name":"About Us - M\u00faza caf\u00e9","isPartOf":{"@id":"https:\/\/muzacafe.test.youngmedia.dev\/en\/#website"},"primaryImageOfPage":{"@id":"https:\/\/muzacafe.test.youngmedia.dev\/en\/about-us\/#primaryimage"},"image":{"@id":"https:\/\/muzacafe.test.youngmedia.dev\/en\/about-us\/#primaryimage"},"thumbnailUrl":"https:\/\/muzacafe.test.youngmedia.dev\/wp-content\/uploads\/2025\/04\/MUZA_1191.jpg","datePublished":"2025-04-10T11:33:06+00:00","dateModified":"2025-05-29T12:09:04+00:00","breadcrumb":{"@id":"https:\/\/muzacafe.test.youngmedia.dev\/en\/about-us\/#breadcrumb"},"inLanguage":"en-US","potentialAction":[{"@type":"ReadAction","target":["https:\/\/muzacafe.test.youngmedia.dev\/en\/about-us\/"]}]},{"@type":"ImageObject","inLanguage":"en-US","@id":"https:\/\/muzacafe.test.youngmedia.dev\/en\/about-us\/#primaryimage","url":"https:\/\/muzacafe.test.youngmedia.dev\/wp-content\/uploads\/2025\/04\/MUZA_1191.jpg","contentUrl":"https:\/\/muzacafe.test.youngmedia.dev\/wp-content\/uploads\/2025\/04\/MUZA_1191.jpg"},{"@type":"BreadcrumbList","@id":"https:\/\/muzacafe.test.youngmedia.dev\/en\/about-us\/#breadcrumb","itemListElement":[{"@type":"ListItem","position":1,"name":"Dom\u016f","item":"https:\/\/muzacafe.test.youngmedia.dev\/en\/homepage\/"},{"@type":"ListItem","position":2,"name":"About Us"}]},{"@type":"WebSite","@id":"https:\/\/muzacafe.test.youngmedia.dev\/en\/#website","url":"https:\/\/muzacafe.test.youngmedia.dev\/en\/","name":"M\u00faza caf\u00e9","description":"V\u00e1\u0161 ostr\u016fvek klidu a harmonie","potentialAction":[{"@type":"SearchAction","target":{"@type":"EntryPoint","urlTemplate":"https:\/\/muzacafe.test.youngmedia.dev\/en\/?s={search_term_string}"},"query-input":{"@type":"PropertyValueSpecification","valueRequired":true,"valueName":"search_term_string"}}],"inLanguage":"en-US"}]}},"_links":{"self":[{"href":"https:\/\/muzacafe.test.youngmedia.dev\/en\/wp-json\/wp\/v2\/pages\/799","targetHints":{"allow":["GET"]}}],"collection":[{"href":"https:\/\/muzacafe.test.youngmedia.dev\/en\/wp-json\/wp\/v2\/pages"}],"about":[{"href":"https:\/\/muzacafe.test.youngmedia.dev\/en\/wp-json\/wp\/v2\/types\/page"}],"author":[{"embeddable":true,"href":"https:\/\/muzacafe.test.youngmedia.dev\/en\/wp-json\/wp\/v2\/users\/1"}],"replies":[{"embeddable":true,"href":"https:\/\/muzacafe.test.youngmedia.dev\/en\/wp-json\/wp\/v2\/comments?post=799"}],"version-history":[{"count":2,"href":"https:\/\/muzacafe.test.youngmedia.dev\/en\/wp-json\/wp\/v2\/pages\/799\/revisions"}],"predecessor-version":[{"id":801,"href":"https:\/\/muzacafe.test.youngmedia.dev\/en\/wp-json\/wp\/v2\/pages\/799\/revisions\/801"}],"wp:attachment":[{"href":"https:\/\/muzacafe.test.youngmedia.dev\/en\/wp-json\/wp\/v2\/media?parent=799"}],"curies":[{"name":"wp","href":"https:\/\/api.w.org\/{rel}","templated":true}]}}