{"id":791,"date":"2025-04-10T23:12:36","date_gmt":"2025-04-10T21:12:36","guid":{"rendered":"https:\/\/muzacafe.test.youngmedia.dev\/menu\/"},"modified":"2025-06-02T15:23:41","modified_gmt":"2025-06-02T13:23:41","slug":"menu","status":"publish","type":"page","link":"https:\/\/muzacafe.test.youngmedia.dev\/en\/menu\/","title":{"rendered":"Menu"},"content":{"rendered":"\t\t<div data-elementor-type=\"wp-page\" data-elementor-id=\"791\" class=\"elementor elementor-791 elementor-298\" data-elementor-post-type=\"page\">\n\t\t\t\t<div class=\"elementor-element elementor-element-bc8a9f7 e-con-full e-flex e-con e-parent\" data-id=\"bc8a9f7\" data-element_type=\"container\" data-settings=\"{&quot;background_background&quot;:&quot;classic&quot;}\">\n\t\t<div class=\"elementor-element elementor-element-bf22c5a e-flex e-con-boxed e-con e-child\" data-id=\"bf22c5a\" data-element_type=\"container\">\n\t\t\t\t\t<div class=\"e-con-inner\">\n\t\t<div class=\"elementor-element elementor-element-e38a7fc e-con-full e-flex e-con e-child\" data-id=\"e38a7fc\" data-element_type=\"container\" data-settings=\"{&quot;background_background&quot;:&quot;classic&quot;}\">\n\t\t<div class=\"elementor-element elementor-element-f40b155 e-flex e-con-boxed e-con e-child\" data-id=\"f40b155\" data-element_type=\"container\" data-settings=\"{&quot;background_background&quot;:&quot;classic&quot;}\">\n\t\t\t\t\t<div class=\"e-con-inner\">\n\t\t<div class=\"elementor-element elementor-element-bf167d5 e-con-full e-flex e-con e-child\" data-id=\"bf167d5\" data-element_type=\"container\" data-settings=\"{&quot;background_background&quot;:&quot;gradient&quot;}\">\n\t\t\t\t<div class=\"elementor-element elementor-element-7315c4c elementor-widget elementor-widget-menu-anchor\" data-id=\"7315c4c\" data-element_type=\"widget\" data-widget_type=\"menu-anchor.default\">\n\t\t\t\t<div class=\"elementor-widget-container\">\n\t\t\t\t\t\t\t<div class=\"elementor-menu-anchor\" id=\"obsah\"><\/div>\n\t\t\t\t\t\t<\/div>\n\t\t\t\t<\/div>\n\t\t\t\t<\/div>\n\t\t<div class=\"elementor-element elementor-element-ddec372 e-con-full e-flex e-con e-child\" data-id=\"ddec372\" data-element_type=\"container\">\n\t\t\t\t<div class=\"elementor-element elementor-element-d834dc1 elementor-widget elementor-widget-image\" data-id=\"d834dc1\" data-element_type=\"widget\" data-widget_type=\"image.default\">\n\t\t\t\t<div class=\"elementor-widget-container\">\n\t\t\t\t\t\t\t\t\t\t\t\t\t\t\t<img fetchpriority=\"high\" decoding=\"async\" width=\"724\" height=\"1536\" src=\"https:\/\/muzacafe.test.youngmedia.dev\/wp-content\/uploads\/2025\/06\/Musa-Menu-EN-724x1536.jpg\" class=\"attachment-1536x1536 size-1536x1536 wp-image-469\" alt=\"\" srcset=\"https:\/\/muzacafe.test.youngmedia.dev\/wp-content\/uploads\/2025\/06\/Musa-Menu-EN-724x1536.jpg 724w, https:\/\/muzacafe.test.youngmedia.dev\/wp-content\/uploads\/2025\/06\/Musa-Menu-EN-141x300.jpg 141w, https:\/\/muzacafe.test.youngmedia.dev\/wp-content\/uploads\/2025\/06\/Musa-Menu-EN-483x1024.jpg 483w, https:\/\/muzacafe.test.youngmedia.dev\/wp-content\/uploads\/2025\/06\/Musa-Menu-EN-768x1629.jpg 768w, https:\/\/muzacafe.test.youngmedia.dev\/wp-content\/uploads\/2025\/06\/Musa-Menu-EN-966x2048.jpg 966w, https:\/\/muzacafe.test.youngmedia.dev\/wp-content\/uploads\/2025\/06\/Musa-Menu-EN-scaled.jpg 1207w\" sizes=\"(max-width: 724px) 100vw, 724px\" \/>\t\t\t\t\t\t\t\t\t\t\t\t\t\t\t<\/div>\n\t\t\t\t<\/div>\n\t\t\t\t<div class=\"elementor-element elementor-element-196c0d9 elementor-widget elementor-widget-image\" data-id=\"196c0d9\" data-element_type=\"widget\" data-widget_type=\"image.default\">\n\t\t\t\t<div class=\"elementor-widget-container\">\n\t\t\t\t\t\t\t\t\t\t\t\t\t\t\t<img decoding=\"async\" width=\"724\" height=\"1536\" src=\"https:\/\/muzacafe.test.youngmedia.dev\/wp-content\/uploads\/2025\/06\/Musa-Menu-EN2-724x1536.jpg\" class=\"attachment-1536x1536 size-1536x1536 wp-image-471\" alt=\"\" srcset=\"https:\/\/muzacafe.test.youngmedia.dev\/wp-content\/uploads\/2025\/06\/Musa-Menu-EN2-724x1536.jpg 724w, https:\/\/muzacafe.test.youngmedia.dev\/wp-content\/uploads\/2025\/06\/Musa-Menu-EN2-141x300.jpg 141w, https:\/\/muzacafe.test.youngmedia.dev\/wp-content\/uploads\/2025\/06\/Musa-Menu-EN2-483x1024.jpg 483w, https:\/\/muzacafe.test.youngmedia.dev\/wp-content\/uploads\/2025\/06\/Musa-Menu-EN2-768x1629.jpg 768w, https:\/\/muzacafe.test.youngmedia.dev\/wp-content\/uploads\/2025\/06\/Musa-Menu-EN2-966x2048.jpg 966w, https:\/\/muzacafe.test.youngmedia.dev\/wp-content\/uploads\/2025\/06\/Musa-Menu-EN2-scaled.jpg 1207w\" sizes=\"(max-width: 724px) 100vw, 724px\" \/>\t\t\t\t\t\t\t\t\t\t\t\t\t\t\t<\/div>\n\t\t\t\t<\/div>\n\t\t\t\t<\/div>\n\t\t\t\t<div class=\"elementor-element elementor-element-54fc031 elementor-absolute animated-slow elementor-invisible elementor-widget elementor-widget-image\" data-id=\"54fc031\" data-element_type=\"widget\" data-settings=\"{&quot;_position&quot;:&quot;absolute&quot;,&quot;_animation&quot;:&quot;slideInRight&quot;}\" data-widget_type=\"image.default\">\n\t\t\t\t<div class=\"elementor-widget-container\">\n\t\t\t\t\t\t\t\t\t\t\t\t\t\t\t<img decoding=\"async\" width=\"167\" height=\"403\" src=\"https:\/\/muzacafe.test.youngmedia.dev\/wp-content\/uploads\/2025\/04\/Asset-10.svg\" class=\"attachment-full size-full wp-image-333\" alt=\"\" \/>\t\t\t\t\t\t\t\t\t\t\t\t\t\t\t<\/div>\n\t\t\t\t<\/div>\n\t\t\t\t\t<\/div>\n\t\t\t\t<\/div>\n\t\t\t\t<\/div>\n\t\t\t\t\t<\/div>\n\t\t\t\t<\/div>\n\t\t<div class=\"elementor-element elementor-element-25ace4d e-con-full e-flex e-con e-child\" data-id=\"25ace4d\" data-element_type=\"container\" data-settings=\"{&quot;background_background&quot;:&quot;gradient&quot;}\">\n\t\t\t\t<\/div>\n\t\t\t\t<\/div>\n\t\t\t\t<\/div>\n\t\t","protected":false},"excerpt":{"rendered":"","protected":false},"author":1,"featured_media":0,"parent":0,"menu_order":0,"comment_status":"closed","ping_status":"closed","template":"","meta":{"footnotes":""},"class_list":["post-791","page","type-page","status-publish","hentry"],"yoast_head":"<!-- This site is optimized with the Yoast SEO plugin v24.8.1 - https:\/\/yoast.com\/wordpress\/plugins\/seo\/ -->\n<title>Menu - M\u00faza caf\u00e9<\/title>\n<meta name=\"robots\" content=\"noindex, follow, max-snippet:-1, max-image-preview:large, max-video-preview:-1\" \/>\n<meta property=\"og:locale\" content=\"en_US\" \/>\n<meta property=\"og:type\" content=\"article\" \/>\n<meta property=\"og:title\" content=\"Menu - M\u00faza caf\u00e9\" \/>\n<meta property=\"og:url\" content=\"https:\/\/muzacafe.test.youngmedia.dev\/en\/menu\/\" \/>\n<meta property=\"og:site_name\" content=\"M\u00faza caf\u00e9\" \/>\n<meta property=\"article:modified_time\" content=\"2025-06-02T13:23:41+00:00\" \/>\n<meta property=\"og:image\" content=\"https:\/\/muzacafe.test.youngmedia.dev\/wp-content\/uploads\/2025\/04\/Musa-Menu-CZ-HR_Page_1.png\" \/>\n\t<meta property=\"og:image:width\" content=\"1097\" \/>\n\t<meta property=\"og:image:height\" content=\"2338\" \/>\n\t<meta property=\"og:image:type\" content=\"image\/png\" \/>\n<meta name=\"twitter:card\" content=\"summary_large_image\" \/>\n<script type=\"application\/ld+json\" class=\"yoast-schema-graph\">{\"@context\":\"https:\/\/schema.org\",\"@graph\":[{\"@type\":\"WebPage\",\"@id\":\"https:\/\/muzacafe.test.youngmedia.dev\/en\/menu\/\",\"url\":\"https:\/\/muzacafe.test.youngmedia.dev\/en\/menu\/\",\"name\":\"Menu - M\u00faza caf\u00e9\",\"isPartOf\":{\"@id\":\"https:\/\/muzacafe.test.youngmedia.dev\/en\/#website\"},\"primaryImageOfPage\":{\"@id\":\"https:\/\/muzacafe.test.youngmedia.dev\/en\/menu\/#primaryimage\"},\"image\":{\"@id\":\"https:\/\/muzacafe.test.youngmedia.dev\/en\/menu\/#primaryimage\"},\"thumbnailUrl\":\"https:\/\/muzacafe.test.youngmedia.dev\/wp-content\/uploads\/2025\/04\/Musa-Menu-CZ-HR_Page_1-721x1536.png\",\"datePublished\":\"2025-04-10T21:12:36+00:00\",\"dateModified\":\"2025-06-02T13:23:41+00:00\",\"breadcrumb\":{\"@id\":\"https:\/\/muzacafe.test.youngmedia.dev\/en\/menu\/#breadcrumb\"},\"inLanguage\":\"en-US\",\"potentialAction\":[{\"@type\":\"ReadAction\",\"target\":[\"https:\/\/muzacafe.test.youngmedia.dev\/en\/menu\/\"]}]},{\"@type\":\"ImageObject\",\"inLanguage\":\"en-US\",\"@id\":\"https:\/\/muzacafe.test.youngmedia.dev\/en\/menu\/#primaryimage\",\"url\":\"https:\/\/muzacafe.test.youngmedia.dev\/wp-content\/uploads\/2025\/04\/Musa-Menu-CZ-HR_Page_1-721x1536.png\",\"contentUrl\":\"https:\/\/muzacafe.test.youngmedia.dev\/wp-content\/uploads\/2025\/04\/Musa-Menu-CZ-HR_Page_1-721x1536.png\"},{\"@type\":\"BreadcrumbList\",\"@id\":\"https:\/\/muzacafe.test.youngmedia.dev\/en\/menu\/#breadcrumb\",\"itemListElement\":[{\"@type\":\"ListItem\",\"position\":1,\"name\":\"Dom\u016f\",\"item\":\"https:\/\/muzacafe.test.youngmedia.dev\/en\/homepage\/\"},{\"@type\":\"ListItem\",\"position\":2,\"name\":\"Menu\"}]},{\"@type\":\"WebSite\",\"@id\":\"https:\/\/muzacafe.test.youngmedia.dev\/en\/#website\",\"url\":\"https:\/\/muzacafe.test.youngmedia.dev\/en\/\",\"name\":\"M\u00faza caf\u00e9\",\"description\":\"V\u00e1\u0161 ostr\u016fvek klidu a harmonie\",\"potentialAction\":[{\"@type\":\"SearchAction\",\"target\":{\"@type\":\"EntryPoint\",\"urlTemplate\":\"https:\/\/muzacafe.test.youngmedia.dev\/en\/?s={search_term_string}\"},\"query-input\":{\"@type\":\"PropertyValueSpecification\",\"valueRequired\":true,\"valueName\":\"search_term_string\"}}],\"inLanguage\":\"en-US\"}]}<\/script>\n<!-- \/ Yoast SEO plugin. -->","yoast_head_json":{"title":"Menu - M\u00faza caf\u00e9","robots":{"index":"noindex","follow":"follow","max-snippet":"max-snippet:-1","max-image-preview":"max-image-preview:large","max-video-preview":"max-video-preview:-1"},"og_locale":"en_US","og_type":"article","og_title":"Menu - M\u00faza caf\u00e9","og_url":"https:\/\/muzacafe.test.youngmedia.dev\/en\/menu\/","og_site_name":"M\u00faza caf\u00e9","article_modified_time":"2025-06-02T13:23:41+00:00","og_image":[{"width":1097,"height":2338,"url":"https:\/\/muzacafe.test.youngmedia.dev\/wp-content\/uploads\/2025\/04\/Musa-Menu-CZ-HR_Page_1.png","type":"image\/png"}],"twitter_card":"summary_large_image","schema":{"@context":"https:\/\/schema.org","@graph":[{"@type":"WebPage","@id":"https:\/\/muzacafe.test.youngmedia.dev\/en\/menu\/","url":"https:\/\/muzacafe.test.youngmedia.dev\/en\/menu\/","name":"Menu - M\u00faza caf\u00e9","isPartOf":{"@id":"https:\/\/muzacafe.test.youngmedia.dev\/en\/#website"},"primaryImageOfPage":{"@id":"https:\/\/muzacafe.test.youngmedia.dev\/en\/menu\/#primaryimage"},"image":{"@id":"https:\/\/muzacafe.test.youngmedia.dev\/en\/menu\/#primaryimage"},"thumbnailUrl":"https:\/\/muzacafe.test.youngmedia.dev\/wp-content\/uploads\/2025\/04\/Musa-Menu-CZ-HR_Page_1-721x1536.png","datePublished":"2025-04-10T21:12:36+00:00","dateModified":"2025-06-02T13:23:41+00:00","breadcrumb":{"@id":"https:\/\/muzacafe.test.youngmedia.dev\/en\/menu\/#breadcrumb"},"inLanguage":"en-US","potentialAction":[{"@type":"ReadAction","target":["https:\/\/muzacafe.test.youngmedia.dev\/en\/menu\/"]}]},{"@type":"ImageObject","inLanguage":"en-US","@id":"https:\/\/muzacafe.test.youngmedia.dev\/en\/menu\/#primaryimage","url":"https:\/\/muzacafe.test.youngmedia.dev\/wp-content\/uploads\/2025\/04\/Musa-Menu-CZ-HR_Page_1-721x1536.png","contentUrl":"https:\/\/muzacafe.test.youngmedia.dev\/wp-content\/uploads\/2025\/04\/Musa-Menu-CZ-HR_Page_1-721x1536.png"},{"@type":"BreadcrumbList","@id":"https:\/\/muzacafe.test.youngmedia.dev\/en\/menu\/#breadcrumb","itemListElement":[{"@type":"ListItem","position":1,"name":"Dom\u016f","item":"https:\/\/muzacafe.test.youngmedia.dev\/en\/homepage\/"},{"@type":"ListItem","position":2,"name":"Menu"}]},{"@type":"WebSite","@id":"https:\/\/muzacafe.test.youngmedia.dev\/en\/#website","url":"https:\/\/muzacafe.test.youngmedia.dev\/en\/","name":"M\u00faza caf\u00e9","description":"V\u00e1\u0161 ostr\u016fvek klidu a harmonie","potentialAction":[{"@type":"SearchAction","target":{"@type":"EntryPoint","urlTemplate":"https:\/\/muzacafe.test.youngmedia.dev\/en\/?s={search_term_string}"},"query-input":{"@type":"PropertyValueSpecification","valueRequired":true,"valueName":"search_term_string"}}],"inLanguage":"en-US"}]}},"_links":{"self":[{"href":"https:\/\/muzacafe.test.youngmedia.dev\/en\/wp-json\/wp\/v2\/pages\/791","targetHints":{"allow":["GET"]}}],"collection":[{"href":"https:\/\/muzacafe.test.youngmedia.dev\/en\/wp-json\/wp\/v2\/pages"}],"about":[{"href":"https:\/\/muzacafe.test.youngmedia.dev\/en\/wp-json\/wp\/v2\/types\/page"}],"author":[{"embeddable":true,"href":"https:\/\/muzacafe.test.youngmedia.dev\/en\/wp-json\/wp\/v2\/users\/1"}],"replies":[{"embeddable":true,"href":"https:\/\/muzacafe.test.youngmedia.dev\/en\/wp-json\/wp\/v2\/comments?post=791"}],"version-history":[{"count":3,"href":"https:\/\/muzacafe.test.youngmedia.dev\/en\/wp-json\/wp\/v2\/pages\/791\/revisions"}],"predecessor-version":[{"id":853,"href":"https:\/\/muzacafe.test.youngmedia.dev\/en\/wp-json\/wp\/v2\/pages\/791\/revisions\/853"}],"wp:attachment":[{"href":"https:\/\/muzacafe.test.youngmedia.dev\/en\/wp-json\/wp\/v2\/media?parent=791"}],"curies":[{"name":"wp","href":"https:\/\/api.w.org\/{rel}","templated":true}]}}